{"id":11,"date":"2013-01-08T11:49:49","date_gmt":"2013-01-08T10:49:49","guid":{"rendered":"https:\/\/agriturismovillacru.it\/?page_id=11"},"modified":"2013-11-28T16:22:00","modified_gmt":"2013-11-28T15:22:00","slug":"servizi","status":"publish","type":"page","link":"https:\/\/agriturismovillacru.it\/de\/servizi\/","title":{"rendered":"Dienstleistungen"},"content":{"rendered":"<div class=\"one_third\">\n<h3 style=\"text-align: justify;\">Services<\/h3>\n<ul>\n<li style=\"text-align: justify;\">Spazierg\u00e4nge zur Erkundung der Natur<\/li>\n<li style=\"text-align: justify;\">Garten mit Kinderspielplatz<\/li>\n<li style=\"text-align: justify;\">Schwimmbad<\/li>\n<li style=\"text-align: justify;\">Mountain-Bike<\/li>\n<li style=\"text-align: justify;\">Trekking<\/li>\n<li style=\"text-align: justify;\">Im Ort: Fu\u00dfballplatz und Tennisanlagen<\/li>\n<li style=\"text-align: justify;\">In der N\u00e4he: Reitbahn und Sportfischerei<\/li>\n<li style=\"text-align: justify;\">Ganz in der N\u00e4he findet man mehrere<\/li>\n<li style=\"text-align: justify;\">Lebensmittelgesch\u00e4fte, eine Metzgerei, eine Bar, ein Bank, eine Apotheke, ein Fitness-Center und ein Gesundheits-\/Kosmetikinstitut.<\/li>\n<\/ul>\n<\/div><br \/>\n<div class=\"one_third\">\n<h3>Die Spezialit\u00e4ten der Enogastronomie<\/h3>\n<p style=\"text-align: justify;\">Zu den \u00f6rtlichen Spezialit\u00e4ten z\u00e4hlen: Vincigrassi, &#8222;tajatelle&#8220;, Lamm, Hammel, Porchetta, Salami, Schinken Lonza, Lonzino, Ciabuscolo und andere Wurstwaren, gef\u00fcllte Oliven, Schafsk\u00e4se, heimisches \u00d6l und Wein, verschiedene Obstbr\u00e4nde und Lik\u00f6re, in Sirup eingelegte Fr\u00fcche, Marmeladen und Honig, Gem\u00fcse und Fr\u00fcchte aus dem Val d&#8217;Aso. Und &#8211; nicht zu vergessen &#8211; Fisch aus der Adria!<br \/>\n<\/div><br \/>\n<div class=\"one_third last\">\n<h3>Restaurants<\/h3>\n<ul>\n<li>I Piceni<\/li>\n<li>La Rosa dei Venti<\/li>\n<li>Vecchio Gelso<\/li>\n<li>Verdi Colline<\/li>\n<li>Mamma Rosa<\/li>\n<li>La Luna<\/li>\n<\/ul>\n<\/div><br \/>\n<a href=\"https:\/\/agriturismovillacru.it\/wp-content\/uploads\/2013\/01\/passeggiate.jpg\" rel=\"lightbox[11]\"><img loading=\"lazy\" decoding=\"async\" class=\"size-thumbnail wp-image-310 alignnone\" alt=\"passeggiate\" src=\"https:\/\/agriturismovillacru.it\/wp-content\/uploads\/2013\/01\/passeggiate-150x150.jpg\" width=\"150\" height=\"150\" \/><\/a><a href=\"https:\/\/agriturismovillacru.it\/wp-content\/uploads\/2013\/01\/piscina1.jpg\" rel=\"lightbox[11]\"><img loading=\"lazy\" decoding=\"async\" class=\"size-thumbnail wp-image-311 alignnone\" alt=\"piscina\" src=\"https:\/\/agriturismovillacru.it\/wp-content\/uploads\/2013\/01\/piscina1-150x150.jpg\" width=\"150\" height=\"150\" \/><\/a><a href=\"https:\/\/agriturismovillacru.it\/wp-content\/uploads\/2013\/01\/maneggio.jpg\" rel=\"lightbox[11]\"><img loading=\"lazy\" decoding=\"async\" class=\"size-thumbnail wp-image-309 alignnone\" alt=\"maneggio\" src=\"https:\/\/agriturismovillacru.it\/wp-content\/uploads\/2013\/01\/maneggio-150x150.jpg\" width=\"150\" height=\"150\" \/><\/a><a href=\"https:\/\/agriturismovillacru.it\/wp-content\/uploads\/2013\/01\/sentieri.jpg\" rel=\"lightbox[11]\"><img loading=\"lazy\" decoding=\"async\" class=\"size-thumbnail wp-image-308 alignnone\" alt=\"sentieri\" src=\"https:\/\/agriturismovillacru.it\/wp-content\/uploads\/2013\/01\/sentieri-150x150.jpg\" width=\"150\" height=\"150\" \/><\/a><\/p>\n","protected":false},"excerpt":{"rendered":"","protected":false},"author":2,"featured_media":0,"parent":0,"menu_order":0,"comment_status":"open","ping_status":"open","template":"fullwidth.php","meta":{"footnotes":""},"class_list":["post-11","page","type-page","status-publish","hentry"],"_links":{"self":[{"href":"https:\/\/agriturismovillacru.it\/de\/wp-json\/wp\/v2\/pages\/11","targetHints":{"allow":["GET"]}}],"collection":[{"href":"https:\/\/agriturismovillacru.it\/de\/wp-json\/wp\/v2\/pages"}],"about":[{"href":"https:\/\/agriturismovillacru.it\/de\/wp-json\/wp\/v2\/types\/page"}],"author":[{"embeddable":true,"href":"https:\/\/agriturismovillacru.it\/de\/wp-json\/wp\/v2\/users\/2"}],"replies":[{"embeddable":true,"href":"https:\/\/agriturismovillacru.it\/de\/wp-json\/wp\/v2\/comments?post=11"}],"version-history":[{"count":0,"href":"https:\/\/agriturismovillacru.it\/de\/wp-json\/wp\/v2\/pages\/11\/revisions"}],"wp:attachment":[{"href":"https:\/\/agriturismovillacru.it\/de\/wp-json\/wp\/v2\/media?parent=11"}],"curies":[{"name":"wp","href":"https:\/\/api.w.org\/{rel}","templated":true}]}}