{"id":20,"date":"2013-01-08T11:52:21","date_gmt":"2013-01-08T10:52:21","guid":{"rendered":"https:\/\/agriturismovillacru.it\/?page_id=20"},"modified":"2026-01-09T17:37:00","modified_gmt":"2026-01-09T16:37:00","slug":"agriturismo","status":"publish","type":"page","link":"https:\/\/agriturismovillacru.it\/de\/","title":{"rendered":"Der Agriturismo"},"content":{"rendered":"<p>In der Region Marken, in der Provinz von Fermo, liegt das Tal des Fl\u00fcsschens Aso, das auch das <strong>zauberhafte Tal<\/strong> genannt wird , eingefasst von sanften H\u00fcgeln und H\u00e4ngen in allen Farben der Natur. Verstreute Gutsh\u00f6fe und Bauernh\u00e4user bereichern das Land, das ausschlie\u00dflich landwirtschaftlich genutzt wird, und wegen des Fehlens von umweltverschmutzender Industrie eine hohe Lebensqualit\u00e4t hat. Besonders zu erw\u00e4hnen ist die ausgezeichnete Trinkwasserqualit\u00e4t, die Versorgung erfolgt auf kurzem Weg direkt aus den Monti Sibilini. In diesem Tal liegt Ortezzano, ein mittelalterliches D\u00f6rfchen mit 832 Einwohnern. <!--more--><img loading=\"lazy\" decoding=\"async\" class=\"alignleft size-medium wp-image-988\" style=\"border: 2px solid white; box-shadow: #c0c0c0 -1px 2px 14px 4px; -webkit-box-shadow: #c0c0c0 -1px 2px 14px 4px; -moz-box-shadow: #c0c0c0 -1px 2px 14px 4px;\" src=\"https:\/\/agriturismovillacru.it\/wp-content\/uploads\/2013\/01\/agriturismo-fermo-300x202.jpg\" alt=\"Agriturismo Villa Cru Fermo - Marche\" width=\"300\" height=\"202\" srcset=\"https:\/\/agriturismovillacru.it\/wp-content\/uploads\/2013\/01\/agriturismo-fermo-300x202.jpg 300w, https:\/\/agriturismovillacru.it\/wp-content\/uploads\/2013\/01\/agriturismo-fermo.jpg 600w\" sizes=\"auto, (max-width: 300px) 100vw, 300px\" \/>Hier ist es eine Freude den Reiz und die Gastfreundschaft im Agriturismo <strong>Villa Cru<\/strong> zu entdecken, dessen Name auf den Gro\u00dfvater zur\u00fcckgeht, der das landwirtschaftliche Anwesen geschaffen und die Geb\u00e4ude <strong>Nonno Cruciano<\/strong> errichtet hat. <strong>Villa Cru<\/strong> liegt eingebettet zwischen den sanften H\u00fcgeln und das Anwesen reicht bis ans Ufer des kleinen Fl\u00fcsschens Aso, das auch dem Tal seinen Namen gegeben hat. Es stehen zwei alte beieinander liegende Bauerh\u00e4user von Ende 1880 zur Verf\u00fcgung, die vollkommen restauriert wurden ohne den alten b\u00e4uerlichen Stil und Charme der damaligen Zeit zu ver\u00e4ndern. Auf dem gesamten Anwesen von ca. 16 ha werden haupts\u00e4chlich Kiwi und Pflaumen kultiviert. Es ist erschlossen durch landwirtschaftliche Wege, die sich f\u00fcr kleinere Ausfl\u00fcge zufu\u00df oder mit dem Fahrrad anbieten, wobei man die jeweils anstehenden Arbeiten in den Obstplantangen verfolgen kann. Von der <strong>Villa Cru<\/strong> aus lassen sich schnell die herrlichen Sandstr\u00e4nde der Adria erreichen (ca.20 km) mit den Orten Porto San Giorgio, Pedaso, Cupra Marittima, Grottamare und San Benedetto del Tronto, sowie der Nationalpark der <strong>Monti Sibillini<\/strong>. (30 km) Das Anwesen verf\u00fcgt \u00fcber separate Apartments, die im l\u00e4ndlichen Stil eingerichtet sind und an die b\u00e4uerliche Kultur vergangener Zeiten erinnert.<\/p>\n\r\n        <style type='text\/css'>\r\n            #gallery-1 {\r\n                margin: auto;\r\n\t\t\t\tmargin-top: 25px;\r\n            }\r\n            #gallery-1 .gallery-item {\r\n                float: left;\r\n                margin-top: 2px;\r\n                text-align: center;\r\n                width: 20%;           \r\n\t\t\t}\r\n            #gallery-1 img {\r\n\r\n            }\r\n            #gallery-1 .gallery-caption {\r\n                margin-left: 0;\r\n            }\r\n        <\/style>\r\n        <!-- see gallery_shortcode() in wp-includes\/media.php -->\r\n        <div id='gallery-1' class='gallery galleryid-20'><div class=\"gallery-item\"><a href=\"https:\/\/agriturismovillacru.it\/wp-content\/uploads\/2013\/01\/casolari-esterno-07.jpg\"  rel=\"lightbox[20] prettyPhoto[gal]\"><img decoding=\"async\" src=\"https:\/\/agriturismovillacru.it\/wp-content\/uploads\/2013\/01\/casolari-esterno-07-150x150.jpg\" alt=\"casolari-esterno-07\" class=\"gallery-image attachment-thumbnail\" \/><\/a><\/div><div class=\"gallery-item\"><a href=\"https:\/\/agriturismovillacru.it\/wp-content\/uploads\/2013\/01\/casolari-esterno-15.jpg\"  rel=\"lightbox[20] prettyPhoto[gal]\"><img decoding=\"async\" src=\"https:\/\/agriturismovillacru.it\/wp-content\/uploads\/2013\/01\/casolari-esterno-15-150x150.jpg\" alt=\"casolari-esterno-15\" class=\"gallery-image attachment-thumbnail\" \/><\/a><\/div><div class=\"gallery-item\"><a href=\"https:\/\/agriturismovillacru.it\/wp-content\/uploads\/2013\/01\/casolari-esterno-16.jpg\"  rel=\"lightbox[20] prettyPhoto[gal]\"><img decoding=\"async\" src=\"https:\/\/agriturismovillacru.it\/wp-content\/uploads\/2013\/01\/casolari-esterno-16-150x150.jpg\" alt=\"casolari-esterno-16\" class=\"gallery-image attachment-thumbnail\" \/><\/a><\/div><div class=\"gallery-item\"><a href=\"https:\/\/agriturismovillacru.it\/wp-content\/uploads\/2013\/01\/casolari-esterno-20.jpg\"  rel=\"lightbox[20] prettyPhoto[gal]\"><img decoding=\"async\" src=\"https:\/\/agriturismovillacru.it\/wp-content\/uploads\/2013\/01\/casolari-esterno-20-150x150.jpg\" alt=\"casolari-esterno-20\" class=\"gallery-image attachment-thumbnail\" \/><\/a><\/div><div class=\"gallery-item\"><a href=\"https:\/\/agriturismovillacru.it\/wp-content\/uploads\/2013\/01\/piscina-191.jpg\"  rel=\"lightbox[20] prettyPhoto[gal]\"><img decoding=\"async\" src=\"https:\/\/agriturismovillacru.it\/wp-content\/uploads\/2013\/01\/piscina-191-150x150.jpg\" alt=\"piscina-19\" class=\"gallery-image attachment-thumbnail\" \/><\/a><\/div><div class=\"gallery-item\"><a href=\"https:\/\/agriturismovillacru.it\/wp-content\/uploads\/2013\/01\/giardino-giochi-03.jpg\"  rel=\"lightbox[20] prettyPhoto[gal]\"><img decoding=\"async\" src=\"https:\/\/agriturismovillacru.it\/wp-content\/uploads\/2013\/01\/giardino-giochi-03-150x150.jpg\" alt=\"giardino-giochi-03\" class=\"gallery-image attachment-thumbnail\" \/><\/a><\/div><div class=\"gallery-item\"><a href=\"https:\/\/agriturismovillacru.it\/wp-content\/uploads\/2013\/01\/giardino-giochi-08.jpg\"  rel=\"lightbox[20] prettyPhoto[gal]\"><img decoding=\"async\" src=\"https:\/\/agriturismovillacru.it\/wp-content\/uploads\/2013\/01\/giardino-giochi-08-150x150.jpg\" alt=\"giardino-giochi-08\" class=\"gallery-image attachment-thumbnail\" \/><\/a><\/div><div class=\"gallery-item\"><a href=\"https:\/\/agriturismovillacru.it\/wp-content\/uploads\/2013\/01\/casolare-giochi.jpg\"  rel=\"lightbox[20] prettyPhoto[gal]\"><img decoding=\"async\" src=\"https:\/\/agriturismovillacru.it\/wp-content\/uploads\/2013\/01\/casolare-giochi-150x150.jpg\" alt=\"Giochi per bambini\" class=\"gallery-image attachment-thumbnail\" \/><\/a><\/div><div class=\"gallery-item\"><a href=\"https:\/\/agriturismovillacru.it\/wp-content\/uploads\/2013\/01\/casolare-notturna.jpg\"  rel=\"lightbox[20] prettyPhoto[gal]\"><img decoding=\"async\" src=\"https:\/\/agriturismovillacru.it\/wp-content\/uploads\/2013\/01\/casolare-notturna-150x150.jpg\" alt=\"Crepuscolo\" class=\"gallery-image attachment-thumbnail\" \/><\/a><\/div><div class=\"gallery-item\"><a href=\"https:\/\/agriturismovillacru.it\/wp-content\/uploads\/2013\/01\/esterno-flowers.jpg\"  rel=\"lightbox[20] prettyPhoto[gal]\"><img decoding=\"async\" src=\"https:\/\/agriturismovillacru.it\/wp-content\/uploads\/2013\/01\/esterno-flowers-150x150.jpg\" alt=\"Immersi nel verde\" class=\"gallery-image attachment-thumbnail\" \/><\/a><\/div><div class=\"gallery-item\"><a href=\"https:\/\/agriturismovillacru.it\/wp-content\/uploads\/2013\/01\/agriturismo-fermo.jpg\"  rel=\"lightbox[20] prettyPhoto[gal]\"><img decoding=\"async\" src=\"https:\/\/agriturismovillacru.it\/wp-content\/uploads\/2013\/01\/agriturismo-fermo-150x150.jpg\" alt=\"Agriturismo Villa Cru\" class=\"gallery-image attachment-thumbnail\" \/><\/a><\/div><div class=\"gallery-item\"><a href=\"https:\/\/agriturismovillacru.it\/wp-content\/uploads\/2013\/01\/agriturismo-ascoli-piceno-con-piscina-02-1200x800.jpg\"  rel=\"lightbox[20] prettyPhoto[gal]\"><img decoding=\"async\" src=\"https:\/\/agriturismovillacru.it\/wp-content\/uploads\/2013\/01\/agriturismo-ascoli-piceno-con-piscina-02-1200x800-150x150.jpg\" alt=\"agriturismo-ascoli-piceno-con-piscina-02-1200x800\" class=\"gallery-image attachment-thumbnail\" \/><\/a><\/div><div class=\"gallery-item\"><a href=\"https:\/\/agriturismovillacru.it\/wp-content\/uploads\/2013\/01\/agriturismo-con-piscina-ascoli-piceno-ortezzano-1200x800.jpg\"  rel=\"lightbox[20] prettyPhoto[gal]\"><img decoding=\"async\" src=\"https:\/\/agriturismovillacru.it\/wp-content\/uploads\/2013\/01\/agriturismo-con-piscina-ascoli-piceno-ortezzano-1200x800-150x150.jpg\" alt=\"Villa CRU agriturismo con piscina recintata\" class=\"gallery-image attachment-thumbnail\" \/><\/a><\/div><div class=\"gallery-item\"><a href=\"https:\/\/agriturismovillacru.it\/wp-content\/uploads\/2013\/01\/agriturismo-marche-con-piscina-02-1200x800.jpg\"  rel=\"lightbox[20] prettyPhoto[gal]\"><img decoding=\"async\" src=\"https:\/\/agriturismovillacru.it\/wp-content\/uploads\/2013\/01\/agriturismo-marche-con-piscina-02-1200x800-150x150.jpg\" alt=\"agriturismo-marche-con-piscina-02-1200x800\" class=\"gallery-image attachment-thumbnail\" \/><\/a><\/div><div class=\"gallery-item\"><a href=\"https:\/\/agriturismovillacru.it\/wp-content\/uploads\/2013\/01\/agriturismo-con-piscina-marche-vacanze-1200x800.jpg\"  rel=\"lightbox[20] prettyPhoto[gal]\"><img decoding=\"async\" src=\"https:\/\/agriturismovillacru.it\/wp-content\/uploads\/2013\/01\/agriturismo-con-piscina-marche-vacanze-1200x800-150x150.jpg\" alt=\"Villa CRU agriturismo con piscina recintata\" class=\"gallery-image attachment-thumbnail\" \/><\/a><\/div><div class=\"gallery-item\"><a href=\"https:\/\/agriturismovillacru.it\/wp-content\/uploads\/2013\/01\/agriturismo-marche-con-piscina-1200x800.jpg\"  rel=\"lightbox[20] prettyPhoto[gal]\"><img decoding=\"async\" src=\"https:\/\/agriturismovillacru.it\/wp-content\/uploads\/2013\/01\/agriturismo-marche-con-piscina-1200x800-150x150.jpg\" alt=\"Villa CRU agriturismo con piscina recintata\" class=\"gallery-image attachment-thumbnail\" \/><\/a><\/div><div class=\"gallery-item\"><a href=\"https:\/\/agriturismovillacru.it\/wp-content\/uploads\/2013\/01\/agriturismo-con-piscina-marche-1200x800.jpg\"  rel=\"lightbox[20] prettyPhoto[gal]\"><img decoding=\"async\" src=\"https:\/\/agriturismovillacru.it\/wp-content\/uploads\/2013\/01\/agriturismo-con-piscina-marche-1200x800-150x150.jpg\" alt=\"Villa CRU agriturismo con piscina\" class=\"gallery-image attachment-thumbnail\" \/><\/a><\/div><div class=\"gallery-item\"><a href=\"https:\/\/agriturismovillacru.it\/wp-content\/uploads\/2013\/01\/agriturismo-con-piscina-nelle-marche-1200x8001.jpg\"  rel=\"lightbox[20] prettyPhoto[gal]\"><img decoding=\"async\" src=\"https:\/\/agriturismovillacru.it\/wp-content\/uploads\/2013\/01\/agriturismo-con-piscina-nelle-marche-1200x8001-150x150.jpg\" alt=\"Villa CRU agriturismo con piscina\" class=\"gallery-image attachment-thumbnail\" \/><\/a><\/div><div class=\"gallery-item\"><a href=\"https:\/\/agriturismovillacru.it\/wp-content\/uploads\/2013\/01\/agriturismo-ascoli-piceno-agriturismo-ortezzano-camera-regina-1000-667.jpg\"  rel=\"lightbox[20] prettyPhoto[gal]\"><img decoding=\"async\" src=\"https:\/\/agriturismovillacru.it\/wp-content\/uploads\/2013\/01\/agriturismo-ascoli-piceno-agriturismo-ortezzano-camera-regina-1000-667-150x150.jpg\" alt=\"Camera matrimoniale - Regina Claudia\" class=\"gallery-image attachment-thumbnail\" \/><\/a><\/div><div class=\"gallery-item\"><a href=\"https:\/\/agriturismovillacru.it\/wp-content\/uploads\/2013\/01\/agriturismo-ascoli-piceno-con-piscina-1200x800.jpg\"  rel=\"lightbox[20] prettyPhoto[gal]\"><img decoding=\"async\" src=\"https:\/\/agriturismovillacru.it\/wp-content\/uploads\/2013\/01\/agriturismo-ascoli-piceno-con-piscina-1200x800-150x150.jpg\" alt=\"Villa CRU Ortezzano agriturismo con piscina\" class=\"gallery-image attachment-thumbnail\" \/><\/a><\/div><\/div>\n","protected":false},"excerpt":{"rendered":"<p>In der Region Marken, in der Provinz von Fermo, liegt das Tal des Fl\u00fcsschens Aso, das auch das zauberhafte Tal genannt wird , eingefasst von sanften H\u00fcgeln und H\u00e4ngen in allen Farben der Natur. Verstreute Gutsh\u00f6fe und Bauernh\u00e4user bereichern das Land, das ausschlie\u00dflich landwirtschaftlich genutzt wird, und wegen des Fehlens von umweltverschmutzender Industrie eine hohe&#8230;<\/p>\n<div class=\"read_more\"><a href=\"https:\/\/agriturismovillacru.it\/de\/\">Leggi<\/a><\/div>\n","protected":false},"author":2,"featured_media":43,"parent":0,"menu_order":0,"comment_status":"open","ping_status":"open","template":"fullwidth.php","meta":{"footnotes":""},"class_list":["post-20","page","type-page","status-publish","has-post-thumbnail","hentry"],"_links":{"self":[{"href":"https:\/\/agriturismovillacru.it\/de\/wp-json\/wp\/v2\/pages\/20","targetHints":{"allow":["GET"]}}],"collection":[{"href":"https:\/\/agriturismovillacru.it\/de\/wp-json\/wp\/v2\/pages"}],"about":[{"href":"https:\/\/agriturismovillacru.it\/de\/wp-json\/wp\/v2\/types\/page"}],"author":[{"embeddable":true,"href":"https:\/\/agriturismovillacru.it\/de\/wp-json\/wp\/v2\/users\/2"}],"replies":[{"embeddable":true,"href":"https:\/\/agriturismovillacru.it\/de\/wp-json\/wp\/v2\/comments?post=20"}],"version-history":[{"count":2,"href":"https:\/\/agriturismovillacru.it\/de\/wp-json\/wp\/v2\/pages\/20\/revisions"}],"predecessor-version":[{"id":1866,"href":"https:\/\/agriturismovillacru.it\/de\/wp-json\/wp\/v2\/pages\/20\/revisions\/1866"}],"wp:featuredmedia":[{"embeddable":true,"href":"https:\/\/agriturismovillacru.it\/de\/wp-json\/wp\/v2\/media\/43"}],"wp:attachment":[{"href":"https:\/\/agriturismovillacru.it\/de\/wp-json\/wp\/v2\/media?parent=20"}],"curies":[{"name":"wp","href":"https:\/\/api.w.org\/{rel}","templated":true}]}}