{"id":7,"date":"2013-01-08T11:48:57","date_gmt":"2013-01-08T10:48:57","guid":{"rendered":"https:\/\/agriturismovillacru.it\/?page_id=7"},"modified":"2026-01-09T17:39:30","modified_gmt":"2026-01-09T16:39:30","slug":"piscina","status":"publish","type":"page","link":"https:\/\/agriturismovillacru.it\/de\/piscina\/","title":{"rendered":"Schwimmbad"},"content":{"rendered":"<p>Zwischen den H\u00e4user befindet sich heute ein Schwimmbad von 6 x 14 Meter, das nur den G\u00e4sten des Hauses zur Verf\u00fcgung steht. Auch die kleinen G\u00e4ste wurden nicht vergessen, es gibt einen abgegrenzten Bereich mit einer Wassertiefe von 50 cm. Alles wird von den gro\u00dfen Obstfeldern eingeschlossen, und schafft somit ein harmonisches Ganzes.<\/p>\n<p><!--more--><\/p>\n\r\n        <style type='text\/css'>\r\n            #gallery-1 {\r\n                margin: auto;\r\n\t\t\t\tmargin-top: 25px;\r\n            }\r\n            #gallery-1 .gallery-item {\r\n                float: left;\r\n                margin-top: 2px;\r\n                text-align: center;\r\n                width: 20%;           \r\n\t\t\t}\r\n            #gallery-1 img {\r\n\r\n            }\r\n            #gallery-1 .gallery-caption {\r\n                margin-left: 0;\r\n            }\r\n        <\/style>\r\n        <!-- see gallery_shortcode() in wp-includes\/media.php -->\r\n        <div id='gallery-1' class='gallery galleryid-7'><div class=\"gallery-item\"><a href=\"https:\/\/agriturismovillacru.it\/wp-content\/uploads\/2013\/01\/piscina-villa-cru-1.jpg\"  rel=\"lightbox[7] prettyPhoto[gal]\"><img decoding=\"async\" src=\"https:\/\/agriturismovillacru.it\/wp-content\/uploads\/2013\/01\/piscina-villa-cru-1-150x150.jpg\" alt=\"A bordo piscina\" class=\"gallery-image attachment-thumbnail\" \/><\/a><\/div><div class=\"gallery-item\"><a href=\"https:\/\/agriturismovillacru.it\/wp-content\/uploads\/2013\/01\/piscina-villa-cru-2.jpg\"  rel=\"lightbox[7] prettyPhoto[gal]\"><img decoding=\"async\" src=\"https:\/\/agriturismovillacru.it\/wp-content\/uploads\/2013\/01\/piscina-villa-cru-2-150x150.jpg\" alt=\"Piscina\" class=\"gallery-image attachment-thumbnail\" \/><\/a><\/div><div class=\"gallery-item\"><a href=\"https:\/\/agriturismovillacru.it\/wp-content\/uploads\/2013\/01\/piscina-villa-cru-5.jpg\"  rel=\"lightbox[7] prettyPhoto[gal]\"><img decoding=\"async\" src=\"https:\/\/agriturismovillacru.it\/wp-content\/uploads\/2013\/01\/piscina-villa-cru-5-150x150.jpg\" alt=\"piscina-villa-cru-5\" class=\"gallery-image attachment-thumbnail\" \/><\/a><\/div><div class=\"gallery-item\"><a href=\"https:\/\/agriturismovillacru.it\/wp-content\/uploads\/2013\/01\/agriturismo-con-piscina-marche-02-1200x800.jpg\"  rel=\"lightbox[7] prettyPhoto[gal]\"><img decoding=\"async\" src=\"https:\/\/agriturismovillacru.it\/wp-content\/uploads\/2013\/01\/agriturismo-con-piscina-marche-02-1200x800-150x150.jpg\" alt=\"agriturismo-con-piscina-marche-02-1200x800\" class=\"gallery-image attachment-thumbnail\" \/><\/a><\/div><div class=\"gallery-item\"><a href=\"https:\/\/agriturismovillacru.it\/wp-content\/uploads\/2013\/01\/agriturismo-con-piscina-ascoli-piceno-appartamenti-02-1200x800.jpg\"  rel=\"lightbox[7] prettyPhoto[gal]\"><img decoding=\"async\" src=\"https:\/\/agriturismovillacru.it\/wp-content\/uploads\/2013\/01\/agriturismo-con-piscina-ascoli-piceno-appartamenti-02-1200x800-150x150.jpg\" alt=\"agriturismo-con-piscina-ascoli-piceno-appartamenti-02-1200x800\" class=\"gallery-image attachment-thumbnail\" \/><\/a><\/div><div class=\"gallery-item\"><a href=\"https:\/\/agriturismovillacru.it\/wp-content\/uploads\/2013\/01\/piscina-villa-cru-8.jpg\"  rel=\"lightbox[7] prettyPhoto[gal]\"><img decoding=\"async\" src=\"https:\/\/agriturismovillacru.it\/wp-content\/uploads\/2013\/01\/piscina-villa-cru-8-150x150.jpg\" alt=\"piscina-villa-cru-8\" class=\"gallery-image attachment-thumbnail\" \/><\/a><\/div><div class=\"gallery-item\"><a href=\"https:\/\/agriturismovillacru.it\/wp-content\/uploads\/2013\/01\/agriturismo-con-piscina-marche-1200x800.jpg\"  rel=\"lightbox[7] prettyPhoto[gal]\"><img decoding=\"async\" src=\"https:\/\/agriturismovillacru.it\/wp-content\/uploads\/2013\/01\/agriturismo-con-piscina-marche-1200x800-150x150.jpg\" alt=\"Villa CRU agriturismo con piscina\" class=\"gallery-image attachment-thumbnail\" \/><\/a><\/div><div class=\"gallery-item\"><a href=\"https:\/\/agriturismovillacru.it\/wp-content\/uploads\/2013\/01\/agriturismo-con-piscina-marche-ortezzano-1200x800.jpg\"  rel=\"lightbox[7] prettyPhoto[gal]\"><img decoding=\"async\" src=\"https:\/\/agriturismovillacru.it\/wp-content\/uploads\/2013\/01\/agriturismo-con-piscina-marche-ortezzano-1200x800-150x150.jpg\" alt=\"Villa CRU agriturismo nelle Marche con piscina\" class=\"gallery-image attachment-thumbnail\" \/><\/a><\/div><div class=\"gallery-item\"><a href=\"https:\/\/agriturismovillacru.it\/wp-content\/uploads\/2013\/01\/agriturismo-con-piscina-ascoli-piceno-1200x800.jpg\"  rel=\"lightbox[7] prettyPhoto[gal]\"><img decoding=\"async\" src=\"https:\/\/agriturismovillacru.it\/wp-content\/uploads\/2013\/01\/agriturismo-con-piscina-ascoli-piceno-1200x800-150x150.jpg\" alt=\"Villa CRU agriturismo Ascoli Piceno con piscina\" class=\"gallery-image attachment-thumbnail\" \/><\/a><\/div><div class=\"gallery-item\"><a href=\"https:\/\/agriturismovillacru.it\/wp-content\/uploads\/2013\/01\/agriturismo-ascoli-piceno-con-piscina-1200x800.jpg\"  rel=\"lightbox[7] prettyPhoto[gal]\"><img decoding=\"async\" src=\"https:\/\/agriturismovillacru.it\/wp-content\/uploads\/2013\/01\/agriturismo-ascoli-piceno-con-piscina-1200x800-150x150.jpg\" alt=\"Villa CRU Ortezzano agriturismo con piscina\" class=\"gallery-image attachment-thumbnail\" \/><\/a><\/div><div class=\"gallery-item\"><a href=\"https:\/\/agriturismovillacru.it\/wp-content\/uploads\/2013\/01\/agriturismo-marche-con-piscina-02-1200x800.jpg\"  rel=\"lightbox[7] prettyPhoto[gal]\"><img decoding=\"async\" src=\"https:\/\/agriturismovillacru.it\/wp-content\/uploads\/2013\/01\/agriturismo-marche-con-piscina-02-1200x800-150x150.jpg\" alt=\"agriturismo-marche-con-piscina-02-1200x800\" class=\"gallery-image attachment-thumbnail\" \/><\/a><\/div><div class=\"gallery-item\"><a href=\"https:\/\/agriturismovillacru.it\/wp-content\/uploads\/2013\/01\/agriturismo-marche-con-piscina-1200x800.jpg\"  rel=\"lightbox[7] prettyPhoto[gal]\"><img decoding=\"async\" src=\"https:\/\/agriturismovillacru.it\/wp-content\/uploads\/2013\/01\/agriturismo-marche-con-piscina-1200x800-150x150.jpg\" alt=\"Villa CRU agriturismo con piscina recintata\" class=\"gallery-image attachment-thumbnail\" \/><\/a><\/div><div class=\"gallery-item\"><a href=\"https:\/\/agriturismovillacru.it\/wp-content\/uploads\/2013\/01\/agriturismo-nelle-marche-con-piscina-ascoli-piceno-1200x8001.jpg\"  rel=\"lightbox[7] prettyPhoto[gal]\"><img decoding=\"async\" src=\"https:\/\/agriturismovillacru.it\/wp-content\/uploads\/2013\/01\/agriturismo-nelle-marche-con-piscina-ascoli-piceno-1200x8001-150x150.jpg\" alt=\"Agriturismo Villa CRU con piscina recintata\" class=\"gallery-image attachment-thumbnail\" \/><\/a><\/div><div class=\"gallery-item\"><a href=\"https:\/\/agriturismovillacru.it\/wp-content\/uploads\/2013\/01\/agriturismo-con-piscina-ascoli-piceno-appartamenti-1200x800.jpg\"  rel=\"lightbox[7] prettyPhoto[gal]\"><img decoding=\"async\" src=\"https:\/\/agriturismovillacru.it\/wp-content\/uploads\/2013\/01\/agriturismo-con-piscina-ascoli-piceno-appartamenti-1200x800-150x150.jpg\" alt=\"Villa CRU agriturismo con piscina recintata\" class=\"gallery-image attachment-thumbnail\" \/><\/a><\/div><div class=\"gallery-item\"><a href=\"https:\/\/agriturismovillacru.it\/wp-content\/uploads\/2013\/01\/agriturismo-con-piscina-ascoli-piceno-ortezzano-1200x800.jpg\"  rel=\"lightbox[7] prettyPhoto[gal]\"><img decoding=\"async\" src=\"https:\/\/agriturismovillacru.it\/wp-content\/uploads\/2013\/01\/agriturismo-con-piscina-ascoli-piceno-ortezzano-1200x800-150x150.jpg\" alt=\"Villa CRU agriturismo con piscina recintata\" class=\"gallery-image attachment-thumbnail\" \/><\/a><\/div><div class=\"gallery-item\"><a href=\"https:\/\/agriturismovillacru.it\/wp-content\/uploads\/2013\/01\/agriturismo-con-piscina-marche-vacanze-1200x800.jpg\"  rel=\"lightbox[7] prettyPhoto[gal]\"><img decoding=\"async\" src=\"https:\/\/agriturismovillacru.it\/wp-content\/uploads\/2013\/01\/agriturismo-con-piscina-marche-vacanze-1200x800-150x150.jpg\" alt=\"Villa CRU agriturismo con piscina recintata\" class=\"gallery-image attachment-thumbnail\" \/><\/a><\/div><div class=\"gallery-item\"><a href=\"https:\/\/agriturismovillacru.it\/wp-content\/uploads\/2013\/01\/agriturismo-con-piscina-nelle-marche-1200x8001.jpg\"  rel=\"lightbox[7] prettyPhoto[gal]\"><img decoding=\"async\" src=\"https:\/\/agriturismovillacru.it\/wp-content\/uploads\/2013\/01\/agriturismo-con-piscina-nelle-marche-1200x8001-150x150.jpg\" alt=\"Villa CRU agriturismo con piscina\" class=\"gallery-image attachment-thumbnail\" \/><\/a><\/div><div class=\"gallery-item\"><a href=\"https:\/\/agriturismovillacru.it\/wp-content\/uploads\/2013\/01\/agriturismo-nelle-marche-con-piscina-1200x8001.jpg\"  rel=\"lightbox[7] prettyPhoto[gal]\"><img decoding=\"async\" src=\"https:\/\/agriturismovillacru.it\/wp-content\/uploads\/2013\/01\/agriturismo-nelle-marche-con-piscina-1200x8001-150x150.jpg\" alt=\"Villa CRU agriturismo con piscina recintata | panoramica\" class=\"gallery-image attachment-thumbnail\" \/><\/a><\/div><div class=\"gallery-item\"><a href=\"https:\/\/agriturismovillacru.it\/wp-content\/uploads\/2013\/01\/agriturismo-ascoli-piceno-con-piscina-02-1200x800.jpg\"  rel=\"lightbox[7] prettyPhoto[gal]\"><img decoding=\"async\" src=\"https:\/\/agriturismovillacru.it\/wp-content\/uploads\/2013\/01\/agriturismo-ascoli-piceno-con-piscina-02-1200x800-150x150.jpg\" alt=\"agriturismo-ascoli-piceno-con-piscina-02-1200x800\" class=\"gallery-image attachment-thumbnail\" \/><\/a><\/div><div class=\"gallery-item\"><a href=\"https:\/\/agriturismovillacru.it\/wp-content\/uploads\/2013\/01\/agriturismo-con-piscina-ascoli-piceno-02-1200x8001.jpg\"  rel=\"lightbox[7] prettyPhoto[gal]\"><img decoding=\"async\" src=\"https:\/\/agriturismovillacru.it\/wp-content\/uploads\/2013\/01\/agriturismo-con-piscina-ascoli-piceno-02-1200x8001-150x150.jpg\" alt=\"agriturismo-con-piscina-ascoli-piceno-02-1200x800\" class=\"gallery-image attachment-thumbnail\" \/><\/a><\/div><\/div>\n","protected":false},"excerpt":{"rendered":"<p>Zwischen den H\u00e4user befindet sich heute ein Schwimmbad von 6 x 14 Meter, das nur den G\u00e4sten des Hauses zur Verf\u00fcgung steht. Auch die kleinen G\u00e4ste wurden nicht vergessen, es gibt einen abgegrenzten Bereich mit einer Wassertiefe von 50 cm. Alles wird von den gro\u00dfen Obstfeldern eingeschlossen, und schafft somit ein harmonisches Ganzes.<\/p>\n","protected":false},"author":2,"featured_media":464,"parent":0,"menu_order":0,"comment_status":"open","ping_status":"open","template":"fullwidth.php","meta":{"footnotes":""},"class_list":["post-7","page","type-page","status-publish","has-post-thumbnail","hentry"],"_links":{"self":[{"href":"https:\/\/agriturismovillacru.it\/de\/wp-json\/wp\/v2\/pages\/7","targetHints":{"allow":["GET"]}}],"collection":[{"href":"https:\/\/agriturismovillacru.it\/de\/wp-json\/wp\/v2\/pages"}],"about":[{"href":"https:\/\/agriturismovillacru.it\/de\/wp-json\/wp\/v2\/types\/page"}],"author":[{"embeddable":true,"href":"https:\/\/agriturismovillacru.it\/de\/wp-json\/wp\/v2\/users\/2"}],"replies":[{"embeddable":true,"href":"https:\/\/agriturismovillacru.it\/de\/wp-json\/wp\/v2\/comments?post=7"}],"version-history":[{"count":1,"href":"https:\/\/agriturismovillacru.it\/de\/wp-json\/wp\/v2\/pages\/7\/revisions"}],"predecessor-version":[{"id":1867,"href":"https:\/\/agriturismovillacru.it\/de\/wp-json\/wp\/v2\/pages\/7\/revisions\/1867"}],"wp:featuredmedia":[{"embeddable":true,"href":"https:\/\/agriturismovillacru.it\/de\/wp-json\/wp\/v2\/media\/464"}],"wp:attachment":[{"href":"https:\/\/agriturismovillacru.it\/de\/wp-json\/wp\/v2\/media?parent=7"}],"curies":[{"name":"wp","href":"https:\/\/api.w.org\/{rel}","templated":true}]}}